{"id":8585,"date":"2025-06-03T12:45:18","date_gmt":"2025-06-03T12:45:18","guid":{"rendered":"https:\/\/cabaneasang.tv\/?post_type=product&#038;p=8585"},"modified":"2025-06-03T12:58:13","modified_gmt":"2025-06-03T12:58:13","slug":"cabane-a-sang-6th-edition-2023-black-tank-top","status":"publish","type":"product","link":"https:\/\/cabaneasang.tv\/fr\/produit\/cabane-a-sang-6th-edition-2023-black-tank-top\/","title":{"rendered":"Cabane \u00e0 Sang 6e \u00e9dition (2023) \u2013 Camisole NOIRE"},"content":{"rendered":"<div>\n<p><strong>Cabane \u00e0 Sang 6e \u00e9dition (2023) \u2013 Camisole NOIRE<br \/>\n<\/strong><br \/>\nPoss\u00e9dez un morceau de l'histoire de l'horreur avec ce pull officiel <em>Cabane \u00e0 sang<\/em> , qui c\u00e9l\u00e8bre six ann\u00e9es sanglantes du festival de cin\u00e9ma underground embl\u00e9matique du Qu\u00e9bec. Objet de collection pour les fans inconditionnels et \u00e9l\u00e9gant hommage \u00e0 l'esprit ind\u00e9fectible de l'horreur ind\u00e9pendante, ce pull est fait pour ceux et celles qui honorent l'horreur.<\/p>\n<p>Printed on a unisex jersey tank top in deep black with a modern cut and soft cotton blend \u2014 built for sleeveless cult cinema style and summer screenings. This tank top honors six years of cinematic carnage.<\/p>\n<\/div>","protected":false},"excerpt":{"rendered":"<p>Cabane \u00e0 Sang 6th Edition (2023) \u2013 Black Tank Top Own a piece of horror history with this official Cabane \u00e0 Sang 6th Edition tee, marking six blood-filled years of Quebec\u2019s iconic underground film festival. A collectible for die-hard fans and a sleek tribute to the enduring spirit of indie horror, this shirt is for<\/p>\n<div class=\"more-link-wrap mt-3\"><a href=\"https:\/\/cabaneasang.tv\/fr\/produit\/cabane-a-sang-6th-edition-2023-black-tank-top\/\" class=\"more-link\">Continue reading<\/a><\/div>","protected":false},"featured_media":8623,"template":"","meta":{"_seopress_robots_primary_cat":"none","_seopress_titles_title":"Cabane \u00e0 Sang 2023 Women\u2019s Tank Top \u2013 Official 6th Edition Scoop Neck Horror Shirt","_seopress_titles_desc":"2023 Cabane \u00e0 Sang women\u2019s tank top in black. Ribbed, stretch-fitted, and ethically made for horror fans.","_seopress_robots_index":""},"product_brand":[],"product_cat":[787],"product_tag":[],"class_list":{"0":"post-8585","1":"product","2":"type-product","3":"status-publish","4":"has-post-thumbnail","6":"product_cat-tanktops","8":"first","9":"instock","10":"taxable","11":"shipping-taxable","12":"purchasable","13":"product-type-variable"},"_links":{"self":[{"href":"https:\/\/cabaneasang.tv\/fr\/wp-json\/wp\/v2\/product\/8585","targetHints":{"allow":["GET"]}}],"collection":[{"href":"https:\/\/cabaneasang.tv\/fr\/wp-json\/wp\/v2\/product"}],"about":[{"href":"https:\/\/cabaneasang.tv\/fr\/wp-json\/wp\/v2\/types\/product"}],"wp:featuredmedia":[{"embeddable":true,"href":"https:\/\/cabaneasang.tv\/fr\/wp-json\/wp\/v2\/media\/8623"}],"wp:attachment":[{"href":"https:\/\/cabaneasang.tv\/fr\/wp-json\/wp\/v2\/media?parent=8585"}],"wp:term":[{"taxonomy":"product_brand","embeddable":true,"href":"https:\/\/cabaneasang.tv\/fr\/wp-json\/wp\/v2\/product_brand?post=8585"},{"taxonomy":"product_cat","embeddable":true,"href":"https:\/\/cabaneasang.tv\/fr\/wp-json\/wp\/v2\/product_cat?post=8585"},{"taxonomy":"product_tag","embeddable":true,"href":"https:\/\/cabaneasang.tv\/fr\/wp-json\/wp\/v2\/product_tag?post=8585"}],"curies":[{"name":"wp","href":"https:\/\/api.w.org\/{rel}","templated":true}]}}