{"id":8230,"date":"2025-06-01T18:31:04","date_gmt":"2025-06-01T18:31:04","guid":{"rendered":"https:\/\/cabaneasang.tv\/?post_type=product&#038;p=8230"},"modified":"2026-02-10T16:42:07","modified_gmt":"2026-02-10T16:42:07","slug":"cabane-a-sang-1st-edition-2017-black-womens-tank-top","status":"publish","type":"product","link":"https:\/\/cabaneasang.tv\/fr\/produit\/cabane-a-sang-1st-edition-2017-black-womens-tank-top\/","title":{"rendered":"Cabane \u00e0 Sang 1\u00e8re \u00e9dition (2017) \u2013 Camisole NOIRE (femme)"},"content":{"rendered":"<p><strong>Cabane \u00e0 Sang 1\u00e8re \u00e9dition (2017) \u2013 Camisole NOIRE (femme)<br \/>\n<\/strong><br \/>\nPoss\u00e9dez un morceau de l'histoire de l'horreur avec ce pull officiel <em>Cabane \u00e0 sang<\/em> 1st Edition women\u2019s tank top, celebrating the debut year of Quebec\u2019s bloodiest underground film festival. A collectible for die-hard fans and a stylish nod to the roots of alternative cinema, this piece pays tribute to the gore, guts, and glory of 2017.<\/p>\n<p>Printed on a black Bella + Canvas micro rib scoop tank top with a fitted cut and soft stretch feel, it\u2019s flattering, comfortable, and festival-ready \u2014 ethically made and weird at heart.<\/p>","protected":false},"excerpt":{"rendered":"<p>Cabane \u00e0 Sang 1st Edition (2017) \u2013 Black Women\u2019s Tank Top Own a piece of horror history with this official Cabane \u00e0 Sang 1st Edition women\u2019s tank top, celebrating the debut year of Quebec\u2019s bloodiest underground film festival. A collectible for die-hard fans and a stylish nod to the roots of alternative cinema, this piece<\/p>\n<div class=\"more-link-wrap mt-3\"><a href=\"https:\/\/cabaneasang.tv\/fr\/produit\/cabane-a-sang-1st-edition-2017-black-womens-tank-top\/\" class=\"more-link\">Continue reading<\/a><\/div>","protected":false},"featured_media":8315,"template":"","meta":{"_seopress_robots_primary_cat":"none","_seopress_titles_title":"Cabane \u00e0 Sang 2017 Women\u2019s Tank Top \u2013 Official 1st Edition Scoop Neck Horror Shirt","_seopress_titles_desc":"Black 2017 Cabane \u00e0 Sang women\u2019s tank top with scoop neck and ribbed texture. Soft, stretchy, and ethically made for fans of cult horror.","_seopress_robots_index":""},"product_brand":[],"product_cat":[787],"product_tag":[],"class_list":{"0":"post-8230","1":"product","2":"type-product","3":"status-publish","4":"has-post-thumbnail","6":"product_cat-tanktops","8":"first","9":"instock","10":"taxable","11":"shipping-taxable","12":"purchasable","13":"product-type-variable"},"_links":{"self":[{"href":"https:\/\/cabaneasang.tv\/fr\/wp-json\/wp\/v2\/product\/8230","targetHints":{"allow":["GET"]}}],"collection":[{"href":"https:\/\/cabaneasang.tv\/fr\/wp-json\/wp\/v2\/product"}],"about":[{"href":"https:\/\/cabaneasang.tv\/fr\/wp-json\/wp\/v2\/types\/product"}],"wp:featuredmedia":[{"embeddable":true,"href":"https:\/\/cabaneasang.tv\/fr\/wp-json\/wp\/v2\/media\/8315"}],"wp:attachment":[{"href":"https:\/\/cabaneasang.tv\/fr\/wp-json\/wp\/v2\/media?parent=8230"}],"wp:term":[{"taxonomy":"product_brand","embeddable":true,"href":"https:\/\/cabaneasang.tv\/fr\/wp-json\/wp\/v2\/product_brand?post=8230"},{"taxonomy":"product_cat","embeddable":true,"href":"https:\/\/cabaneasang.tv\/fr\/wp-json\/wp\/v2\/product_cat?post=8230"},{"taxonomy":"product_tag","embeddable":true,"href":"https:\/\/cabaneasang.tv\/fr\/wp-json\/wp\/v2\/product_tag?post=8230"}],"curies":[{"name":"wp","href":"https:\/\/api.w.org\/{rel}","templated":true}]}}